{"id":5705,"date":"2025-06-18T08:20:22","date_gmt":"2025-06-18T06:20:22","guid":{"rendered":"https:\/\/dom-podorzechem.pl\/?page_id=5705"},"modified":"2025-06-18T11:44:05","modified_gmt":"2025-06-18T09:44:05","slug":"joga-w-ogrodzie","status":"publish","type":"page","link":"https:\/\/dom-podorzechem.pl\/index.php\/joga-w-ogrodzie\/","title":{"rendered":"Joga w ogrodzie"},"content":{"rendered":"\t\t<div data-elementor-type=\"wp-page\" data-elementor-id=\"5705\" class=\"elementor elementor-5705\">\n\t\t\t\t\t\t<section class=\"elementor-section elementor-top-section elementor-element elementor-element-81b7a9f elementor-section-boxed elementor-section-height-default elementor-section-height-default qodef-elementor-content-no\" data-id=\"81b7a9f\" data-element_type=\"section\" data-e-type=\"section\">\n\t\t\t\t\t\t<div class=\"elementor-container elementor-column-gap-default\">\n\t\t\t\t\t<div class=\"elementor-column elementor-col-100 elementor-top-column elementor-element elementor-element-efb8f99\" data-id=\"efb8f99\" data-element_type=\"column\" data-e-type=\"column\">\n\t\t\t<div class=\"elementor-widget-wrap elementor-element-populated\">\n\t\t\t\t\t\t<div class=\"elementor-element elementor-element-ff002d5 elementor-widget elementor-widget-text-editor\" data-id=\"ff002d5\" data-element_type=\"widget\" data-e-type=\"widget\" data-widget_type=\"text-editor.default\">\n\t\t\t\t<div class=\"elementor-widget-container\">\n\t\t\t\t\t\t\t\t\t<h3><strong>Joga w ogrodzie \u2013 relaks w sercu natury<\/strong><\/h3><p>Zapraszamy do wyj\u0105tkowego do\u015bwiadczenia jogi na \u015bwie\u017cym powietrzu, w otoczeniu zieleni, \u015bpiewu ptak\u00f3w i koj\u0105cej ciszy wiejskiego krajobrazu.\u00a0<\/p><p>W naszym uroczym domku na wsi stworzyli\u015bmy przestrze\u0144 idealn\u0105 dla kameralnych grup, kt\u00f3re pragn\u0105 zadba\u0107 o cia\u0142o i umys\u0142 z dala od miejskiego zgie\u0142ku.<\/p><p>Zaj\u0119cia jogi odbywaj\u0105 si\u0119 w ogrodzie \u2013 na trawie, w\u015br\u00f3d drzew i kwiat\u00f3w, w atmosferze spokoju i harmonii z natur\u0105. To idealna propozycja dla ma\u0142ych grup, kt\u00f3re chc\u0105 zorganizowa\u0107 warsztaty, wyjazdy rozwojowe lub po prostu wsp\u00f3lnie odpocz\u0105\u0107 i zregenerowa\u0107 si\u0142y.<\/p><p>\u00a0<\/p><p>\ud83e\uddd8\u200d\u2640\ufe0f <strong>Dla kogo?<\/strong><br \/>\u2013 dla nauczycieli jogi szukaj\u0105cych miejsca na prowadzenie kameralnych zaj\u0119\u0107 w lecie<br \/>\u2013 dla grup przyjaci\u00f3\u0142, kt\u00f3re chc\u0105 po\u0142\u0105czy\u0107 wypoczynek z praktyk\u0105 jogi\u00a0<br \/>\u2013 dla wszystkich, kt\u00f3rzy kochaj\u0105 natur\u0119, ruch i \u015bwiadomy relaks<\/p><p>\u00a0<\/p><p>\ud83c\udf3f <strong>Oferujemy:<\/strong><br \/>\u2013 przestronny ogr\u00f3d z miejscem do \u0107wicze\u0144<br \/>\u2013 spokojne, naturalne otoczenie<br \/>\u2013 mo\u017cliwo\u015b\u0107 wynaj\u0119cia domku letniskowego dla grup<br \/>\u2013 zaj\u0119cia poprowadzi nasza zaprzyja\u017aniona joginka\u00a0<\/p><p>Zabierz mat\u0119, przyjaci\u00f3\u0142 i dobry nastr\u00f3j \u2013 reszt\u0119 zapewni natura!<\/p>\t\t\t\t\t\t\t\t<\/div>\n\t\t\t\t<\/div>\n\t\t\t\t<div class=\"elementor-element elementor-element-8fedb62 elementor-widget-divider--view-line elementor-widget elementor-widget-divider\" data-id=\"8fedb62\" data-element_type=\"widget\" data-e-type=\"widget\" data-widget_type=\"divider.default\">\n\t\t\t\t<div class=\"elementor-widget-container\">\n\t\t\t\t\t\t\t<div class=\"elementor-divider\">\n\t\t\t<span class=\"elementor-divider-separator\">\n\t\t\t\t\t\t<\/span>\n\t\t<\/div>\n\t\t\t\t\t\t<\/div>\n\t\t\t\t<\/div>\n\t\t\t\t\t<\/div>\n\t\t<\/div>\n\t\t\t\t\t<\/div>\n\t\t<\/section>\n\t\t\t\t<section class=\"elementor-section elementor-top-section elementor-element elementor-element-307f142 elementor-section-boxed elementor-section-height-default elementor-section-height-default qodef-elementor-content-no\" data-id=\"307f142\" data-element_type=\"section\" data-e-type=\"section\">\n\t\t\t\t\t\t<div class=\"elementor-container elementor-column-gap-default\">\n\t\t\t\t\t<div class=\"elementor-column elementor-col-100 elementor-top-column elementor-element elementor-element-a0009ce\" data-id=\"a0009ce\" data-element_type=\"column\" data-e-type=\"column\">\n\t\t\t<div class=\"elementor-widget-wrap elementor-element-populated\">\n\t\t\t\t\t\t<div class=\"elementor-element elementor-element-b9b6ec5 elementor-widget elementor-widget-alloggio_core_image_gallery\" data-id=\"b9b6ec5\" data-element_type=\"widget\" data-e-type=\"widget\" data-widget_type=\"alloggio_core_image_gallery.default\">\n\t\t\t\t<div class=\"elementor-widget-container\">\n\t\t\t\t\t<div class=\"qodef-shortcode qodef-m  qodef-image-gallery      qodef-grid qodef-layout--columns  qodef-gutter--normal qodef-col-num--2  qodef-responsive--predefined\">\n    <div class=\"qodef-grid-inner clear\">\n\t\t<div class=\"qodef-e qodef-image-wrapper qodef-grid-item\">\n\t\t\t<img fetchpriority=\"high\" decoding=\"async\" width=\"1200\" height=\"1600\" src=\"https:\/\/dom-podorzechem.pl\/wp-content\/uploads\/2025\/06\/joga2.jpeg\" class=\"attachment-full size-full\" alt=\"\" data-swiper-parallax=\"27%\" srcset=\"https:\/\/dom-podorzechem.pl\/wp-content\/uploads\/2025\/06\/joga2.jpeg 1200w, https:\/\/dom-podorzechem.pl\/wp-content\/uploads\/2025\/06\/joga2-225x300.jpeg 225w, https:\/\/dom-podorzechem.pl\/wp-content\/uploads\/2025\/06\/joga2-768x1024.jpeg 768w, https:\/\/dom-podorzechem.pl\/wp-content\/uploads\/2025\/06\/joga2-1152x1536.jpeg 1152w\" sizes=\"(max-width: 1200px) 100vw, 1200px\" \/>\t<\/div><div class=\"qodef-e qodef-image-wrapper qodef-grid-item\">\n\t\t\t<img decoding=\"async\" width=\"1200\" height=\"1600\" src=\"https:\/\/dom-podorzechem.pl\/wp-content\/uploads\/2025\/06\/joga5.jpeg\" class=\"attachment-full size-full\" alt=\"\" data-swiper-parallax=\"27%\" srcset=\"https:\/\/dom-podorzechem.pl\/wp-content\/uploads\/2025\/06\/joga5.jpeg 1200w, https:\/\/dom-podorzechem.pl\/wp-content\/uploads\/2025\/06\/joga5-225x300.jpeg 225w, https:\/\/dom-podorzechem.pl\/wp-content\/uploads\/2025\/06\/joga5-768x1024.jpeg 768w, https:\/\/dom-podorzechem.pl\/wp-content\/uploads\/2025\/06\/joga5-1152x1536.jpeg 1152w\" sizes=\"(max-width: 1200px) 100vw, 1200px\" \/>\t<\/div><div class=\"qodef-e qodef-image-wrapper qodef-grid-item\">\n\t\t\t<img decoding=\"async\" width=\"2048\" height=\"1536\" src=\"https:\/\/dom-podorzechem.pl\/wp-content\/uploads\/2022\/07\/paniennskie9.jpeg\" class=\"attachment-full size-full\" alt=\"\" data-swiper-parallax=\"27%\" srcset=\"https:\/\/dom-podorzechem.pl\/wp-content\/uploads\/2022\/07\/paniennskie9.jpeg 2048w, https:\/\/dom-podorzechem.pl\/wp-content\/uploads\/2022\/07\/paniennskie9-300x225.jpeg 300w, https:\/\/dom-podorzechem.pl\/wp-content\/uploads\/2022\/07\/paniennskie9-1024x768.jpeg 1024w, https:\/\/dom-podorzechem.pl\/wp-content\/uploads\/2022\/07\/paniennskie9-768x576.jpeg 768w, https:\/\/dom-podorzechem.pl\/wp-content\/uploads\/2022\/07\/paniennskie9-1536x1152.jpeg 1536w\" sizes=\"(max-width: 2048px) 100vw, 2048px\" \/>\t<\/div><div class=\"qodef-e qodef-image-wrapper qodef-grid-item\">\n\t\t\t<img loading=\"lazy\" decoding=\"async\" width=\"1600\" height=\"1200\" src=\"https:\/\/dom-podorzechem.pl\/wp-content\/uploads\/2022\/07\/paniennskie7.jpeg\" class=\"attachment-full size-full\" alt=\"\" data-swiper-parallax=\"27%\" srcset=\"https:\/\/dom-podorzechem.pl\/wp-content\/uploads\/2022\/07\/paniennskie7.jpeg 1600w, https:\/\/dom-podorzechem.pl\/wp-content\/uploads\/2022\/07\/paniennskie7-300x225.jpeg 300w, https:\/\/dom-podorzechem.pl\/wp-content\/uploads\/2022\/07\/paniennskie7-1024x768.jpeg 1024w, https:\/\/dom-podorzechem.pl\/wp-content\/uploads\/2022\/07\/paniennskie7-768x576.jpeg 768w, https:\/\/dom-podorzechem.pl\/wp-content\/uploads\/2022\/07\/paniennskie7-1536x1152.jpeg 1536w\" sizes=\"(max-width: 1600px) 100vw, 1600px\" \/>\t<\/div><div class=\"qodef-e qodef-image-wrapper qodef-grid-item\">\n\t\t\t<img loading=\"lazy\" decoding=\"async\" width=\"1200\" height=\"1600\" src=\"https:\/\/dom-podorzechem.pl\/wp-content\/uploads\/2025\/06\/joga4.jpeg\" class=\"attachment-full size-full\" alt=\"\" data-swiper-parallax=\"27%\" srcset=\"https:\/\/dom-podorzechem.pl\/wp-content\/uploads\/2025\/06\/joga4.jpeg 1200w, https:\/\/dom-podorzechem.pl\/wp-content\/uploads\/2025\/06\/joga4-225x300.jpeg 225w, https:\/\/dom-podorzechem.pl\/wp-content\/uploads\/2025\/06\/joga4-768x1024.jpeg 768w, https:\/\/dom-podorzechem.pl\/wp-content\/uploads\/2025\/06\/joga4-1152x1536.jpeg 1152w\" sizes=\"(max-width: 1200px) 100vw, 1200px\" \/>\t<\/div><div class=\"qodef-e qodef-image-wrapper qodef-grid-item\">\n\t\t\t<img loading=\"lazy\" decoding=\"async\" width=\"1200\" height=\"1600\" src=\"https:\/\/dom-podorzechem.pl\/wp-content\/uploads\/2025\/06\/joga1.jpeg\" class=\"attachment-full size-full\" alt=\"\" data-swiper-parallax=\"27%\" srcset=\"https:\/\/dom-podorzechem.pl\/wp-content\/uploads\/2025\/06\/joga1.jpeg 1200w, https:\/\/dom-podorzechem.pl\/wp-content\/uploads\/2025\/06\/joga1-225x300.jpeg 225w, https:\/\/dom-podorzechem.pl\/wp-content\/uploads\/2025\/06\/joga1-768x1024.jpeg 768w, https:\/\/dom-podorzechem.pl\/wp-content\/uploads\/2025\/06\/joga1-1152x1536.jpeg 1152w\" sizes=\"(max-width: 1200px) 100vw, 1200px\" \/>\t<\/div><div class=\"qodef-e qodef-image-wrapper qodef-grid-item\">\n\t\t\t<img loading=\"lazy\" decoding=\"async\" width=\"2048\" height=\"1536\" src=\"https:\/\/dom-podorzechem.pl\/wp-content\/uploads\/2022\/07\/paniennskie11.jpeg\" class=\"attachment-full size-full\" alt=\"\" data-swiper-parallax=\"27%\" srcset=\"https:\/\/dom-podorzechem.pl\/wp-content\/uploads\/2022\/07\/paniennskie11.jpeg 2048w, https:\/\/dom-podorzechem.pl\/wp-content\/uploads\/2022\/07\/paniennskie11-300x225.jpeg 300w, https:\/\/dom-podorzechem.pl\/wp-content\/uploads\/2022\/07\/paniennskie11-1024x768.jpeg 1024w, https:\/\/dom-podorzechem.pl\/wp-content\/uploads\/2022\/07\/paniennskie11-768x576.jpeg 768w, https:\/\/dom-podorzechem.pl\/wp-content\/uploads\/2022\/07\/paniennskie11-1536x1152.jpeg 1536w\" sizes=\"(max-width: 2048px) 100vw, 2048px\" \/>\t<\/div><div class=\"qodef-e qodef-image-wrapper qodef-grid-item\">\n\t\t\t<img loading=\"lazy\" decoding=\"async\" width=\"1600\" height=\"1200\" src=\"https:\/\/dom-podorzechem.pl\/wp-content\/uploads\/2025\/06\/joga3.jpeg\" class=\"attachment-full size-full\" alt=\"\" data-swiper-parallax=\"27%\" srcset=\"https:\/\/dom-podorzechem.pl\/wp-content\/uploads\/2025\/06\/joga3.jpeg 1600w, https:\/\/dom-podorzechem.pl\/wp-content\/uploads\/2025\/06\/joga3-300x225.jpeg 300w, https:\/\/dom-podorzechem.pl\/wp-content\/uploads\/2025\/06\/joga3-1024x768.jpeg 1024w, https:\/\/dom-podorzechem.pl\/wp-content\/uploads\/2025\/06\/joga3-768x576.jpeg 768w, https:\/\/dom-podorzechem.pl\/wp-content\/uploads\/2025\/06\/joga3-1536x1152.jpeg 1536w\" sizes=\"(max-width: 1600px) 100vw, 1600px\" \/>\t<\/div>    <\/div>\n<\/div>\t\t\t\t<\/div>\n\t\t\t\t<\/div>\n\t\t\t\t\t<\/div>\n\t\t<\/div>\n\t\t\t\t\t<\/div>\n\t\t<\/section>\n\t\t\t\t<\/div>\n\t\t","protected":false},"excerpt":{"rendered":"<p>Joga w ogrodzie \u2013 relaks w sercu natury Zapraszamy do wyj\u0105tkowego do\u015bwiadczenia jogi na \u015bwie\u017cym powietrzu, w otoczeniu zieleni, \u015bpiewu ptak\u00f3w i koj\u0105cej ciszy wiejskiego krajobrazu.\u00a0 W naszym uroczym domku na wsi stworzyli\u015bmy przestrze\u0144 idealn\u0105 dla kameralnych grup, kt\u00f3re pragn\u0105 zadba\u0107 o cia\u0142o i umys\u0142 z dala od miejskiego zgie\u0142ku. Zaj\u0119cia jogi odbywaj\u0105 si\u0119 w [&hellip;]<\/p>\n","protected":false},"author":1,"featured_media":0,"parent":0,"menu_order":0,"comment_status":"closed","ping_status":"closed","template":"","meta":{"_monsterinsights_skip_tracking":false,"_monsterinsights_sitenote_active":false,"_monsterinsights_sitenote_note":"","_monsterinsights_sitenote_category":0,"footnotes":""},"class_list":["post-5705","page","type-page","status-publish","hentry"],"_links":{"self":[{"href":"https:\/\/dom-podorzechem.pl\/index.php\/wp-json\/wp\/v2\/pages\/5705","targetHints":{"allow":["GET"]}}],"collection":[{"href":"https:\/\/dom-podorzechem.pl\/index.php\/wp-json\/wp\/v2\/pages"}],"about":[{"href":"https:\/\/dom-podorzechem.pl\/index.php\/wp-json\/wp\/v2\/types\/page"}],"author":[{"embeddable":true,"href":"https:\/\/dom-podorzechem.pl\/index.php\/wp-json\/wp\/v2\/users\/1"}],"replies":[{"embeddable":true,"href":"https:\/\/dom-podorzechem.pl\/index.php\/wp-json\/wp\/v2\/comments?post=5705"}],"version-history":[{"count":19,"href":"https:\/\/dom-podorzechem.pl\/index.php\/wp-json\/wp\/v2\/pages\/5705\/revisions"}],"predecessor-version":[{"id":5739,"href":"https:\/\/dom-podorzechem.pl\/index.php\/wp-json\/wp\/v2\/pages\/5705\/revisions\/5739"}],"wp:attachment":[{"href":"https:\/\/dom-podorzechem.pl\/index.php\/wp-json\/wp\/v2\/media?parent=5705"}],"curies":[{"name":"wp","href":"https:\/\/api.w.org\/{rel}","templated":true}]}}