{"id":5657,"date":"2025-06-05T16:15:58","date_gmt":"2025-06-05T14:15:58","guid":{"rendered":"https:\/\/dom-podorzechem.pl\/?page_id=5657"},"modified":"2025-06-05T16:47:29","modified_gmt":"2025-06-05T14:47:29","slug":"apartament-mlynarski","status":"publish","type":"page","link":"https:\/\/dom-podorzechem.pl\/index.php\/apartament-mlynarski\/","title":{"rendered":"Apartament m\u0142ynarski"},"content":{"rendered":"\t\t<div data-elementor-type=\"wp-page\" data-elementor-id=\"5657\" class=\"elementor elementor-5657\">\n\t\t\t\t\t\t<section class=\"elementor-section elementor-top-section elementor-element elementor-element-571776a elementor-section-boxed elementor-section-height-default elementor-section-height-default qodef-elementor-content-no\" data-id=\"571776a\" data-element_type=\"section\" data-e-type=\"section\">\n\t\t\t\t\t\t<div class=\"elementor-container elementor-column-gap-default\">\n\t\t\t\t\t<div class=\"elementor-column elementor-col-100 elementor-top-column elementor-element elementor-element-9cf7cfd\" data-id=\"9cf7cfd\" data-element_type=\"column\" data-e-type=\"column\">\n\t\t\t<div class=\"elementor-widget-wrap elementor-element-populated\">\n\t\t\t\t\t\t<div class=\"elementor-element elementor-element-1f0b0fa elementor-widget elementor-widget-alloggio_core_section_title\" data-id=\"1f0b0fa\" data-element_type=\"widget\" data-e-type=\"widget\" data-widget_type=\"alloggio_core_section_title.default\">\n\t\t\t\t<div class=\"elementor-widget-container\">\n\t\t\t\t\t<div class=\"qodef-shortcode qodef-m  qodef-section-title qodef-alignment--left\">\n\t\t<h1 class=\"qodef-m-title\" >\n\t\t\t\t\tApartament m\u0142ynarski\t\t\t<\/h1>\n\t\t<span class=\"qodef-m-text\" >Dla go\u015bci przygotowano autentyczne wn\u0119trze z lat 50-tych XX w. \u2013 meble kuchenne ze starego drewna, oryginalna, odrestaurowana ceg\u0142a na suficie salonu, stare meble oraz elementy dekoracyjne. Apartament m\u0142ynarski sk\u0142ada si\u0119 z pokoju dziennego z aneksem kuchennym i \u0142azienk\u0105 na parterze oraz sypialni na poddaszu (\u0142\u0105cznie 50 m2). Aneks kuchenny jest w pe\u0142ni wyposa\u017cony w sprz\u0119ty AGD \u2013 lod\u00f3wka, p\u0142yta indukcyjna, zlew, naczynia. U g\u00f3ry sypialnia z \u0142\u00f3\u017ckiem (120 cm szer) oraz pojedyncze \u0142\u00f3\u017cko, w salonie du\u017ca, wygodna rozk\u0142adana sofa (dla 2 os\u00f3b). Apartament mo\u017ce pomie\u015bci\u0107 2-4 os\u00f3b. Na terenie posesji znajduje si\u0119 du\u017cy ogr\u00f3d, miejsce do sp\u0119dzania czasu, le\u017caki i wygodne fotele, du\u017cy st\u00f3\u0142, hamak, piaskownica i miejsce do zabawy dla dzieci. Do dyspozycji go\u015bci jest grill \u2013 a grillowanie to cz\u0119sto wybierane zaj\u0119cie na wiecz\u00f3r, kiedy mo\u017cna ws\u0142ucha\u0107 si\u0119 w wieczorne odg\u0142osy ogrodu. W apartamencie dost\u0119pne jest wifi. Do dyspozycji go\u015bci jest r\u00f3wnie\u017c parking. \n\n<\/span>\n<\/div>\t\t\t\t<\/div>\n\t\t\t\t<\/div>\n\t\t\t\t\t<\/div>\n\t\t<\/div>\n\t\t\t\t\t<\/div>\n\t\t<\/section>\n\t\t\t\t<section class=\"elementor-section elementor-top-section elementor-element elementor-element-9b26afe elementor-section-boxed elementor-section-height-default elementor-section-height-default qodef-elementor-content-no\" data-id=\"9b26afe\" data-element_type=\"section\" data-e-type=\"section\">\n\t\t\t\t\t\t<div class=\"elementor-container elementor-column-gap-default\">\n\t\t\t\t\t<div class=\"elementor-column elementor-col-100 elementor-top-column elementor-element elementor-element-d88a1ef\" data-id=\"d88a1ef\" data-element_type=\"column\" data-e-type=\"column\">\n\t\t\t<div class=\"elementor-widget-wrap elementor-element-populated\">\n\t\t\t\t\t\t<div class=\"elementor-element elementor-element-84ebc94 elementor-arrows-position-inside elementor-pagination-position-outside elementor-widget elementor-widget-image-carousel\" data-id=\"84ebc94\" data-element_type=\"widget\" data-e-type=\"widget\" data-settings=\"{&quot;slides_to_show&quot;:&quot;1&quot;,&quot;navigation&quot;:&quot;both&quot;,&quot;autoplay&quot;:&quot;yes&quot;,&quot;pause_on_hover&quot;:&quot;yes&quot;,&quot;pause_on_interaction&quot;:&quot;yes&quot;,&quot;autoplay_speed&quot;:5000,&quot;infinite&quot;:&quot;yes&quot;,&quot;effect&quot;:&quot;slide&quot;,&quot;speed&quot;:500}\" data-widget_type=\"image-carousel.default\">\n\t\t\t\t<div class=\"elementor-widget-container\">\n\t\t\t\t\t\t\t<div class=\"elementor-image-carousel-wrapper swiper\" role=\"region\" aria-roledescription=\"carousel\" aria-label=\"Karuzela obrazk\u00f3w\" dir=\"ltr\">\n\t\t\t<div class=\"elementor-image-carousel swiper-wrapper swiper-image-stretch\" aria-live=\"off\">\n\t\t\t\t\t\t\t\t<div class=\"swiper-slide\" role=\"group\" aria-roledescription=\"slide\" aria-label=\"1 z 17\"><figure class=\"swiper-slide-inner\"><img decoding=\"async\" class=\"swiper-slide-image\" src=\"https:\/\/dom-podorzechem.pl\/wp-content\/uploads\/2025\/06\/IMG_240614_0304_fot.Piotr_Markowski-HDR_2-1024x683.jpg\" alt=\"IMG_240614_0304_fot.Piotr_Markowski-HDR_2\" \/><\/figure><\/div><div class=\"swiper-slide\" role=\"group\" aria-roledescription=\"slide\" aria-label=\"2 z 17\"><figure class=\"swiper-slide-inner\"><img decoding=\"async\" class=\"swiper-slide-image\" src=\"https:\/\/dom-podorzechem.pl\/wp-content\/uploads\/2025\/06\/IMG_240614_0333_fot.Piotr_Markowski-HDR_2-1024x683.jpg\" alt=\"IMG_240614_0333_fot.Piotr_Markowski-HDR_2\" \/><\/figure><\/div><div class=\"swiper-slide\" role=\"group\" aria-roledescription=\"slide\" aria-label=\"3 z 17\"><figure class=\"swiper-slide-inner\"><img decoding=\"async\" class=\"swiper-slide-image\" src=\"https:\/\/dom-podorzechem.pl\/wp-content\/uploads\/2025\/06\/IMG_240614_0245_fot.Piotr_Markowski-HDR_2-1024x683.jpg\" alt=\"IMG_240614_0245_fot.Piotr_Markowski-HDR_2\" \/><\/figure><\/div><div class=\"swiper-slide\" role=\"group\" aria-roledescription=\"slide\" aria-label=\"4 z 17\"><figure class=\"swiper-slide-inner\"><img decoding=\"async\" class=\"swiper-slide-image\" src=\"https:\/\/dom-podorzechem.pl\/wp-content\/uploads\/2025\/06\/IMG_240614_0266_fot.Piotr_Markowski_2-1024x683.jpg\" alt=\"IMG_240614_0266_fot.Piotr_Markowski_2\" \/><\/figure><\/div><div class=\"swiper-slide\" role=\"group\" aria-roledescription=\"slide\" aria-label=\"5 z 17\"><figure class=\"swiper-slide-inner\"><img decoding=\"async\" class=\"swiper-slide-image\" src=\"https:\/\/dom-podorzechem.pl\/wp-content\/uploads\/2025\/06\/IMG_240614_0269_fot.Piotr_Markowski_2-1024x683.jpg\" alt=\"IMG_240614_0269_fot.Piotr_Markowski_2\" \/><\/figure><\/div><div class=\"swiper-slide\" role=\"group\" aria-roledescription=\"slide\" aria-label=\"6 z 17\"><figure class=\"swiper-slide-inner\"><img decoding=\"async\" class=\"swiper-slide-image\" src=\"https:\/\/dom-podorzechem.pl\/wp-content\/uploads\/2025\/06\/IMG_240614_0287_fot.Piotr_Markowski_2-1024x683.jpg\" alt=\"IMG_240614_0287_fot.Piotr_Markowski_2\" \/><\/figure><\/div><div class=\"swiper-slide\" role=\"group\" aria-roledescription=\"slide\" aria-label=\"7 z 17\"><figure class=\"swiper-slide-inner\"><img decoding=\"async\" class=\"swiper-slide-image\" src=\"https:\/\/dom-podorzechem.pl\/wp-content\/uploads\/2025\/06\/IMG_240614_0278_fot.Piotr_Markowski_2-1024x683.jpg\" alt=\"IMG_240614_0278_fot.Piotr_Markowski_2\" \/><\/figure><\/div><div class=\"swiper-slide\" role=\"group\" aria-roledescription=\"slide\" aria-label=\"8 z 17\"><figure class=\"swiper-slide-inner\"><img decoding=\"async\" class=\"swiper-slide-image\" src=\"https:\/\/dom-podorzechem.pl\/wp-content\/uploads\/2025\/06\/IMG_240614_0347_fot.Piotr_Markowski-HDR_2-1024x683.jpg\" alt=\"IMG_240614_0347_fot.Piotr_Markowski-HDR_2\" \/><\/figure><\/div><div class=\"swiper-slide\" role=\"group\" aria-roledescription=\"slide\" aria-label=\"9 z 17\"><figure class=\"swiper-slide-inner\"><img decoding=\"async\" class=\"swiper-slide-image\" src=\"https:\/\/dom-podorzechem.pl\/wp-content\/uploads\/2025\/06\/IMG_240614_0367_fot.Piotr_Markowski_2-1024x683.jpg\" alt=\"IMG_240614_0367_fot.Piotr_Markowski_2\" \/><\/figure><\/div><div class=\"swiper-slide\" role=\"group\" aria-roledescription=\"slide\" aria-label=\"10 z 17\"><figure class=\"swiper-slide-inner\"><img decoding=\"async\" class=\"swiper-slide-image\" src=\"https:\/\/dom-podorzechem.pl\/wp-content\/uploads\/2025\/06\/IMG_240614_0386_fot.Piotr_Markowski_2-1024x683.jpg\" alt=\"IMG_240614_0386_fot.Piotr_Markowski_2\" \/><\/figure><\/div><div class=\"swiper-slide\" role=\"group\" aria-roledescription=\"slide\" aria-label=\"11 z 17\"><figure class=\"swiper-slide-inner\"><img decoding=\"async\" class=\"swiper-slide-image\" src=\"https:\/\/dom-podorzechem.pl\/wp-content\/uploads\/2025\/06\/IMG_240614_0393_fot.Piotr_Markowski_2-1024x683.jpg\" alt=\"IMG_240614_0393_fot.Piotr_Markowski_2\" \/><\/figure><\/div><div class=\"swiper-slide\" role=\"group\" aria-roledescription=\"slide\" aria-label=\"12 z 17\"><figure class=\"swiper-slide-inner\"><img decoding=\"async\" class=\"swiper-slide-image\" src=\"https:\/\/dom-podorzechem.pl\/wp-content\/uploads\/2025\/06\/IMG_240614_0407_fot.Piotr_Markowski_2-1024x683.jpg\" alt=\"IMG_240614_0407_fot.Piotr_Markowski_2\" \/><\/figure><\/div><div class=\"swiper-slide\" role=\"group\" aria-roledescription=\"slide\" aria-label=\"13 z 17\"><figure class=\"swiper-slide-inner\"><img decoding=\"async\" class=\"swiper-slide-image\" src=\"https:\/\/dom-podorzechem.pl\/wp-content\/uploads\/2025\/06\/IMG_240614_0383_fot.Piotr_Markowski_2-1024x683.jpg\" alt=\"IMG_240614_0383_fot.Piotr_Markowski_2\" \/><\/figure><\/div><div class=\"swiper-slide\" role=\"group\" aria-roledescription=\"slide\" aria-label=\"14 z 17\"><figure class=\"swiper-slide-inner\"><img decoding=\"async\" class=\"swiper-slide-image\" src=\"https:\/\/dom-podorzechem.pl\/wp-content\/uploads\/2025\/06\/IMG_240614_0380_fot.Piotr_Markowski_2-1024x683.jpg\" alt=\"IMG_240614_0380_fot.Piotr_Markowski_2\" \/><\/figure><\/div><div class=\"swiper-slide\" role=\"group\" aria-roledescription=\"slide\" aria-label=\"15 z 17\"><figure class=\"swiper-slide-inner\"><img decoding=\"async\" class=\"swiper-slide-image\" src=\"https:\/\/dom-podorzechem.pl\/wp-content\/uploads\/2025\/06\/IMG_240614_0431_fot.Piotr_Markowski-HDR_2-1024x683.jpg\" alt=\"IMG_240614_0431_fot.Piotr_Markowski-HDR_2\" \/><\/figure><\/div><div class=\"swiper-slide\" role=\"group\" aria-roledescription=\"slide\" aria-label=\"16 z 17\"><figure class=\"swiper-slide-inner\"><img decoding=\"async\" class=\"swiper-slide-image\" src=\"https:\/\/dom-podorzechem.pl\/wp-content\/uploads\/2025\/06\/IMG_240614_0106_fot.Piotr_Markowski_2-1024x683.jpg\" alt=\"IMG_240614_0106_fot.Piotr_Markowski_2\" \/><\/figure><\/div><div class=\"swiper-slide\" role=\"group\" aria-roledescription=\"slide\" aria-label=\"17 z 17\"><figure class=\"swiper-slide-inner\"><img decoding=\"async\" class=\"swiper-slide-image\" src=\"https:\/\/dom-podorzechem.pl\/wp-content\/uploads\/2025\/06\/IMG_240614_0111_fot.Piotr_Markowski_2-1024x683.jpg\" alt=\"IMG_240614_0111_fot.Piotr_Markowski_2\" \/><\/figure><\/div>\t\t\t<\/div>\n\t\t\t\t\t\t\t\t\t\t\t\t<div class=\"elementor-swiper-button elementor-swiper-button-prev\" role=\"button\" tabindex=\"0\">\n\t\t\t\t\t\t<i aria-hidden=\"true\" class=\"eicon-chevron-left\"><\/i>\t\t\t\t\t<\/div>\n\t\t\t\t\t<div class=\"elementor-swiper-button elementor-swiper-button-next\" role=\"button\" tabindex=\"0\">\n\t\t\t\t\t\t<i aria-hidden=\"true\" class=\"eicon-chevron-right\"><\/i>\t\t\t\t\t<\/div>\n\t\t\t\t\n\t\t\t\t\t\t\t\t\t<div class=\"swiper-pagination\"><\/div>\n\t\t\t\t\t\t\t\t\t<\/div>\n\t\t\t\t\t\t<\/div>\n\t\t\t\t<\/div>\n\t\t\t\t\t<\/div>\n\t\t<\/div>\n\t\t\t\t\t<\/div>\n\t\t<\/section>\n\t\t\t\t<section class=\"elementor-section elementor-top-section elementor-element elementor-element-ca93aec elementor-section-boxed elementor-section-height-default elementor-section-height-default qodef-elementor-content-no\" data-id=\"ca93aec\" data-element_type=\"section\" data-e-type=\"section\">\n\t\t\t\t\t\t<div class=\"elementor-container elementor-column-gap-default\">\n\t\t\t\t\t<div class=\"elementor-column elementor-col-100 elementor-top-column elementor-element elementor-element-2595b51\" data-id=\"2595b51\" data-element_type=\"column\" data-e-type=\"column\">\n\t\t\t<div class=\"elementor-widget-wrap elementor-element-populated\">\n\t\t\t\t\t\t<div class=\"elementor-element elementor-element-25fe979 elementor-widget-divider--view-line elementor-widget elementor-widget-divider\" data-id=\"25fe979\" data-element_type=\"widget\" data-e-type=\"widget\" data-widget_type=\"divider.default\">\n\t\t\t\t<div class=\"elementor-widget-container\">\n\t\t\t\t\t\t\t<div class=\"elementor-divider\">\n\t\t\t<span class=\"elementor-divider-separator\">\n\t\t\t\t\t\t<\/span>\n\t\t<\/div>\n\t\t\t\t\t\t<\/div>\n\t\t\t\t<\/div>\n\t\t\t\t\t<\/div>\n\t\t<\/div>\n\t\t\t\t\t<\/div>\n\t\t<\/section>\n\t\t\t\t<\/div>\n\t\t","protected":false},"excerpt":{"rendered":"<p>Apartament m\u0142ynarski Dla go\u015bci przygotowano autentyczne wn\u0119trze z lat 50-tych XX w. \u2013 meble kuchenne ze starego drewna, oryginalna, odrestaurowana ceg\u0142a na suficie salonu, stare meble oraz elementy dekoracyjne. Apartament m\u0142ynarski sk\u0142ada si\u0119 z pokoju dziennego z aneksem kuchennym i \u0142azienk\u0105 na parterze oraz sypialni na poddaszu (\u0142\u0105cznie 50 m2). Aneks kuchenny jest w pe\u0142ni [&hellip;]<\/p>\n","protected":false},"author":1,"featured_media":0,"parent":0,"menu_order":0,"comment_status":"closed","ping_status":"closed","template":"","meta":{"_monsterinsights_skip_tracking":false,"_monsterinsights_sitenote_active":false,"_monsterinsights_sitenote_note":"","_monsterinsights_sitenote_category":0,"footnotes":""},"class_list":["post-5657","page","type-page","status-publish","hentry"],"_links":{"self":[{"href":"https:\/\/dom-podorzechem.pl\/index.php\/wp-json\/wp\/v2\/pages\/5657","targetHints":{"allow":["GET"]}}],"collection":[{"href":"https:\/\/dom-podorzechem.pl\/index.php\/wp-json\/wp\/v2\/pages"}],"about":[{"href":"https:\/\/dom-podorzechem.pl\/index.php\/wp-json\/wp\/v2\/types\/page"}],"author":[{"embeddable":true,"href":"https:\/\/dom-podorzechem.pl\/index.php\/wp-json\/wp\/v2\/users\/1"}],"replies":[{"embeddable":true,"href":"https:\/\/dom-podorzechem.pl\/index.php\/wp-json\/wp\/v2\/comments?post=5657"}],"version-history":[{"count":10,"href":"https:\/\/dom-podorzechem.pl\/index.php\/wp-json\/wp\/v2\/pages\/5657\/revisions"}],"predecessor-version":[{"id":5687,"href":"https:\/\/dom-podorzechem.pl\/index.php\/wp-json\/wp\/v2\/pages\/5657\/revisions\/5687"}],"wp:attachment":[{"href":"https:\/\/dom-podorzechem.pl\/index.php\/wp-json\/wp\/v2\/media?parent=5657"}],"curies":[{"name":"wp","href":"https:\/\/api.w.org\/{rel}","templated":true}]}}