{"id":5120,"date":"2021-05-11T10:07:19","date_gmt":"2021-05-11T08:07:19","guid":{"rendered":"http:\/\/dom.lmk.pl\/?page_id=5120"},"modified":"2021-05-11T10:25:49","modified_gmt":"2021-05-11T08:25:49","slug":"wislana-trasa-rowerowa","status":"publish","type":"page","link":"https:\/\/dom-podorzechem.pl\/index.php\/wislana-trasa-rowerowa\/","title":{"rendered":"Wi\u015blana Trasa Rowerowa"},"content":{"rendered":"\t\t<div data-elementor-type=\"wp-page\" data-elementor-id=\"5120\" class=\"elementor elementor-5120\">\n\t\t\t\t\t\t<section class=\"elementor-section elementor-top-section elementor-element elementor-element-e310739 elementor-section-boxed elementor-section-height-default elementor-section-height-default qodef-elementor-content-no\" data-id=\"e310739\" data-element_type=\"section\" data-e-type=\"section\">\n\t\t\t\t\t\t<div class=\"elementor-container elementor-column-gap-default\">\n\t\t\t\t\t<div class=\"elementor-column elementor-col-100 elementor-top-column elementor-element elementor-element-8e4a788\" data-id=\"8e4a788\" data-element_type=\"column\" data-e-type=\"column\">\n\t\t\t<div class=\"elementor-widget-wrap elementor-element-populated\">\n\t\t\t\t\t\t<div class=\"elementor-element elementor-element-f5d10e6 elementor-widget-divider--view-line elementor-widget elementor-widget-divider\" data-id=\"f5d10e6\" data-element_type=\"widget\" data-e-type=\"widget\" data-widget_type=\"divider.default\">\n\t\t\t\t<div class=\"elementor-widget-container\">\n\t\t\t\t\t\t\t<div class=\"elementor-divider\">\n\t\t\t<span class=\"elementor-divider-separator\">\n\t\t\t\t\t\t<\/span>\n\t\t<\/div>\n\t\t\t\t\t\t<\/div>\n\t\t\t\t<\/div>\n\t\t\t\t<div class=\"elementor-element elementor-element-57a1d4b elementor-widget elementor-widget-alloggio_core_section_title\" data-id=\"57a1d4b\" data-element_type=\"widget\" data-e-type=\"widget\" data-widget_type=\"alloggio_core_section_title.default\">\n\t\t\t\t<div class=\"elementor-widget-container\">\n\t\t\t\t\t<div class=\"qodef-shortcode qodef-m  qodef-section-title qodef-alignment--left\">\n\t\t\t<span class=\"qodef-m-text\" >Wi\u015blana Trasa Rowerowa to jeden z najpopularniejszych szlak\u00f3w rowerowych w Polsce. Ma prowadzi\u0107 jak najbli\u017cej Wis\u0142y i po\u0142\u0105czy\u0107 g\u00f3ry z morzem.\nSzlak w wi\u0119kszo\u015bci swojego przebiegu prowadzi po drogach z zakazem jazdy samochod\u00f3w lub po drogach o bardzo ma\u0142ym ruchu ulicznym. Dlatego \u015bmia\u0142o mo\u017cna powiedzie\u0107, \u017ce Wi\u015blana Trasa Rowerowa jest szlakiem raczej bezpiecznym r\u00f3wnie\u017c dla rodzin z dzie\u0107mi.<\/span>\n<\/div>\t\t\t\t<\/div>\n\t\t\t\t<\/div>\n\t\t\t\t<div class=\"elementor-element elementor-element-8fedb62 elementor-widget-divider--view-line elementor-widget elementor-widget-divider\" data-id=\"8fedb62\" data-element_type=\"widget\" data-e-type=\"widget\" data-widget_type=\"divider.default\">\n\t\t\t\t<div class=\"elementor-widget-container\">\n\t\t\t\t\t\t\t<div class=\"elementor-divider\">\n\t\t\t<span class=\"elementor-divider-separator\">\n\t\t\t\t\t\t<\/span>\n\t\t<\/div>\n\t\t\t\t\t\t<\/div>\n\t\t\t\t<\/div>\n\t\t\t\t\t<\/div>\n\t\t<\/div>\n\t\t\t\t\t<\/div>\n\t\t<\/section>\n\t\t\t\t<section class=\"elementor-section elementor-top-section elementor-element elementor-element-307f142 elementor-section-boxed elementor-section-height-default elementor-section-height-default qodef-elementor-content-no\" data-id=\"307f142\" data-element_type=\"section\" data-e-type=\"section\">\n\t\t\t\t\t\t<div class=\"elementor-container elementor-column-gap-default\">\n\t\t\t\t\t<div class=\"elementor-column elementor-col-100 elementor-top-column elementor-element elementor-element-a0009ce\" data-id=\"a0009ce\" data-element_type=\"column\" data-e-type=\"column\">\n\t\t\t<div class=\"elementor-widget-wrap elementor-element-populated\">\n\t\t\t\t\t\t<div class=\"elementor-element elementor-element-b9b6ec5 elementor-widget elementor-widget-alloggio_core_image_gallery\" data-id=\"b9b6ec5\" data-element_type=\"widget\" data-e-type=\"widget\" data-widget_type=\"alloggio_core_image_gallery.default\">\n\t\t\t\t<div class=\"elementor-widget-container\">\n\t\t\t\t\t<div class=\"qodef-shortcode qodef-m  qodef-image-gallery      qodef-grid qodef-layout--columns  qodef-gutter--normal qodef-col-num--2  qodef-responsive--predefined\">\n    <div class=\"qodef-grid-inner clear\">\n\t\t<div class=\"qodef-e qodef-image-wrapper qodef-grid-item\">\n\t\t\t<img fetchpriority=\"high\" decoding=\"async\" width=\"626\" height=\"417\" src=\"https:\/\/dom-podorzechem.pl\/wp-content\/uploads\/2021\/05\/mlody-czlowiek-na-rowerze-1.jpg\" class=\"attachment-full size-full\" alt=\"\" data-swiper-parallax=\"27%\" srcset=\"https:\/\/dom-podorzechem.pl\/wp-content\/uploads\/2021\/05\/mlody-czlowiek-na-rowerze-1.jpg 626w, https:\/\/dom-podorzechem.pl\/wp-content\/uploads\/2021\/05\/mlody-czlowiek-na-rowerze-1-300x200.jpg 300w, https:\/\/dom-podorzechem.pl\/wp-content\/uploads\/2021\/05\/mlody-czlowiek-na-rowerze-1-600x400.jpg 600w\" sizes=\"(max-width: 626px) 100vw, 626px\" \/>\t<\/div><div class=\"qodef-e qodef-image-wrapper qodef-grid-item\">\n\t\t\t<img decoding=\"async\" width=\"1600\" height=\"1200\" src=\"https:\/\/dom-podorzechem.pl\/wp-content\/uploads\/2021\/05\/wislana_trasa_rowerowa.jpeg\" class=\"attachment-full size-full\" alt=\"\" data-swiper-parallax=\"27%\" srcset=\"https:\/\/dom-podorzechem.pl\/wp-content\/uploads\/2021\/05\/wislana_trasa_rowerowa.jpeg 1600w, https:\/\/dom-podorzechem.pl\/wp-content\/uploads\/2021\/05\/wislana_trasa_rowerowa-300x225.jpeg 300w, https:\/\/dom-podorzechem.pl\/wp-content\/uploads\/2021\/05\/wislana_trasa_rowerowa-1024x768.jpeg 1024w, https:\/\/dom-podorzechem.pl\/wp-content\/uploads\/2021\/05\/wislana_trasa_rowerowa-768x576.jpeg 768w, https:\/\/dom-podorzechem.pl\/wp-content\/uploads\/2021\/05\/wislana_trasa_rowerowa-1536x1152.jpeg 1536w, https:\/\/dom-podorzechem.pl\/wp-content\/uploads\/2021\/05\/wislana_trasa_rowerowa-600x450.jpeg 600w\" sizes=\"(max-width: 1600px) 100vw, 1600px\" \/>\t<\/div><div class=\"qodef-e qodef-image-wrapper qodef-grid-item\">\n\t\t\t<img decoding=\"async\" width=\"626\" height=\"414\" src=\"https:\/\/dom-podorzechem.pl\/wp-content\/uploads\/2021\/05\/rodzina-na-rowerach.jpg\" class=\"attachment-full size-full\" alt=\"\" data-swiper-parallax=\"27%\" srcset=\"https:\/\/dom-podorzechem.pl\/wp-content\/uploads\/2021\/05\/rodzina-na-rowerach.jpg 626w, https:\/\/dom-podorzechem.pl\/wp-content\/uploads\/2021\/05\/rodzina-na-rowerach-300x198.jpg 300w, https:\/\/dom-podorzechem.pl\/wp-content\/uploads\/2021\/05\/rodzina-na-rowerach-600x397.jpg 600w\" sizes=\"(max-width: 626px) 100vw, 626px\" \/>\t<\/div><div class=\"qodef-e qodef-image-wrapper qodef-grid-item\">\n\t\t\t<img loading=\"lazy\" decoding=\"async\" width=\"1920\" height=\"1280\" src=\"https:\/\/dom-podorzechem.pl\/wp-content\/uploads\/2021\/05\/rower.jpg\" class=\"attachment-full size-full\" alt=\"\" data-swiper-parallax=\"27%\" srcset=\"https:\/\/dom-podorzechem.pl\/wp-content\/uploads\/2021\/05\/rower.jpg 1920w, https:\/\/dom-podorzechem.pl\/wp-content\/uploads\/2021\/05\/rower-300x200.jpg 300w, https:\/\/dom-podorzechem.pl\/wp-content\/uploads\/2021\/05\/rower-1024x683.jpg 1024w, https:\/\/dom-podorzechem.pl\/wp-content\/uploads\/2021\/05\/rower-768x512.jpg 768w, https:\/\/dom-podorzechem.pl\/wp-content\/uploads\/2021\/05\/rower-1536x1024.jpg 1536w, https:\/\/dom-podorzechem.pl\/wp-content\/uploads\/2021\/05\/rower-600x400.jpg 600w\" sizes=\"(max-width: 1920px) 100vw, 1920px\" \/>\t<\/div>    <\/div>\n<\/div>\t\t\t\t<\/div>\n\t\t\t\t<\/div>\n\t\t\t\t\t<\/div>\n\t\t<\/div>\n\t\t\t\t\t<\/div>\n\t\t<\/section>\n\t\t\t\t<\/div>\n\t\t","protected":false},"excerpt":{"rendered":"<p>Wi\u015blana Trasa Rowerowa to jeden z najpopularniejszych szlak\u00f3w rowerowych w Polsce. Ma prowadzi\u0107 jak najbli\u017cej Wis\u0142y i po\u0142\u0105czy\u0107 g\u00f3ry z morzem. Szlak w wi\u0119kszo\u015bci swojego przebiegu prowadzi po drogach z zakazem jazdy samochod\u00f3w lub po drogach o bardzo ma\u0142ym ruchu ulicznym. Dlatego \u015bmia\u0142o mo\u017cna powiedzie\u0107, \u017ce Wi\u015blana Trasa Rowerowa jest szlakiem raczej bezpiecznym r\u00f3wnie\u017c dla [&hellip;]<\/p>\n","protected":false},"author":1,"featured_media":0,"parent":0,"menu_order":0,"comment_status":"closed","ping_status":"closed","template":"","meta":{"_monsterinsights_skip_tracking":false,"_monsterinsights_sitenote_active":false,"_monsterinsights_sitenote_note":"","_monsterinsights_sitenote_category":0,"footnotes":""},"class_list":["post-5120","page","type-page","status-publish","hentry"],"_links":{"self":[{"href":"https:\/\/dom-podorzechem.pl\/index.php\/wp-json\/wp\/v2\/pages\/5120","targetHints":{"allow":["GET"]}}],"collection":[{"href":"https:\/\/dom-podorzechem.pl\/index.php\/wp-json\/wp\/v2\/pages"}],"about":[{"href":"https:\/\/dom-podorzechem.pl\/index.php\/wp-json\/wp\/v2\/types\/page"}],"author":[{"embeddable":true,"href":"https:\/\/dom-podorzechem.pl\/index.php\/wp-json\/wp\/v2\/users\/1"}],"replies":[{"embeddable":true,"href":"https:\/\/dom-podorzechem.pl\/index.php\/wp-json\/wp\/v2\/comments?post=5120"}],"version-history":[{"count":5,"href":"https:\/\/dom-podorzechem.pl\/index.php\/wp-json\/wp\/v2\/pages\/5120\/revisions"}],"predecessor-version":[{"id":5129,"href":"https:\/\/dom-podorzechem.pl\/index.php\/wp-json\/wp\/v2\/pages\/5120\/revisions\/5129"}],"wp:attachment":[{"href":"https:\/\/dom-podorzechem.pl\/index.php\/wp-json\/wp\/v2\/media?parent=5120"}],"curies":[{"name":"wp","href":"https:\/\/api.w.org\/{rel}","templated":true}]}}