{"id":4956,"date":"2021-04-20T08:44:49","date_gmt":"2021-04-20T06:44:49","guid":{"rendered":"http:\/\/dom.lmk.pl\/?page_id=4956"},"modified":"2021-05-11T07:17:45","modified_gmt":"2021-05-11T05:17:45","slug":"imprezy-rodzinne","status":"publish","type":"page","link":"https:\/\/dom-podorzechem.pl\/index.php\/imprezy-rodzinne\/","title":{"rendered":"Imprezy Rodzinne"},"content":{"rendered":"\t\t<div data-elementor-type=\"wp-page\" data-elementor-id=\"4956\" class=\"elementor elementor-4956\">\n\t\t\t\t\t\t<section class=\"elementor-section elementor-top-section elementor-element elementor-element-e310739 elementor-section-boxed elementor-section-height-default elementor-section-height-default qodef-elementor-content-no\" data-id=\"e310739\" data-element_type=\"section\" data-e-type=\"section\">\n\t\t\t\t\t\t<div class=\"elementor-container elementor-column-gap-default\">\n\t\t\t\t\t<div class=\"elementor-column elementor-col-100 elementor-top-column elementor-element elementor-element-8e4a788\" data-id=\"8e4a788\" data-element_type=\"column\" data-e-type=\"column\">\n\t\t\t<div class=\"elementor-widget-wrap elementor-element-populated\">\n\t\t\t\t\t\t<div class=\"elementor-element elementor-element-f5d10e6 elementor-widget-divider--view-line elementor-widget elementor-widget-divider\" data-id=\"f5d10e6\" data-element_type=\"widget\" data-e-type=\"widget\" data-widget_type=\"divider.default\">\n\t\t\t\t<div class=\"elementor-widget-container\">\n\t\t\t\t\t\t\t<div class=\"elementor-divider\">\n\t\t\t<span class=\"elementor-divider-separator\">\n\t\t\t\t\t\t<\/span>\n\t\t<\/div>\n\t\t\t\t\t\t<\/div>\n\t\t\t\t<\/div>\n\t\t\t\t<div class=\"elementor-element elementor-element-57a1d4b elementor-widget elementor-widget-alloggio_core_section_title\" data-id=\"57a1d4b\" data-element_type=\"widget\" data-e-type=\"widget\" data-widget_type=\"alloggio_core_section_title.default\">\n\t\t\t\t<div class=\"elementor-widget-container\">\n\t\t\t\t\t<div class=\"qodef-shortcode qodef-m  qodef-section-title qodef-alignment--left\">\n\t\t\t<span class=\"qodef-m-text\" >W naszym Domu mo\u017cna znale\u017a\u0107 przestrze\u0144 na spotkanie rodzinne i celebrowa\u0107 urodziny, specjalne okazje czy rocznice. Co zapewniamy to: lu\u017ana atmosfera, urokliwy klimat, du\u017cy ogr\u00f3d z grillem i miejscem do biesiadowania czy du\u017cy salon z kominkiem. \nWszystko zale\u017cy od pomys\u0142u i preferencji uczestnik\u00f3w. Mo\u017cemy pomie\u015bci\u0107 do 20 os\u00f3b na spotkanie z noclegiem na 12 os\u00f3b.   <\/span>\n<\/div>\t\t\t\t<\/div>\n\t\t\t\t<\/div>\n\t\t\t\t<div class=\"elementor-element elementor-element-8fedb62 elementor-widget-divider--view-line elementor-widget elementor-widget-divider\" data-id=\"8fedb62\" data-element_type=\"widget\" data-e-type=\"widget\" data-widget_type=\"divider.default\">\n\t\t\t\t<div class=\"elementor-widget-container\">\n\t\t\t\t\t\t\t<div class=\"elementor-divider\">\n\t\t\t<span class=\"elementor-divider-separator\">\n\t\t\t\t\t\t<\/span>\n\t\t<\/div>\n\t\t\t\t\t\t<\/div>\n\t\t\t\t<\/div>\n\t\t\t\t\t<\/div>\n\t\t<\/div>\n\t\t\t\t\t<\/div>\n\t\t<\/section>\n\t\t\t\t<section class=\"elementor-section elementor-top-section elementor-element elementor-element-307f142 elementor-section-boxed elementor-section-height-default elementor-section-height-default qodef-elementor-content-no\" data-id=\"307f142\" data-element_type=\"section\" data-e-type=\"section\">\n\t\t\t\t\t\t<div class=\"elementor-container elementor-column-gap-default\">\n\t\t\t\t\t<div class=\"elementor-column elementor-col-100 elementor-top-column elementor-element elementor-element-a0009ce\" data-id=\"a0009ce\" data-element_type=\"column\" data-e-type=\"column\">\n\t\t\t<div class=\"elementor-widget-wrap elementor-element-populated\">\n\t\t\t\t\t\t<div class=\"elementor-element elementor-element-b9b6ec5 elementor-widget elementor-widget-alloggio_core_image_gallery\" data-id=\"b9b6ec5\" data-element_type=\"widget\" data-e-type=\"widget\" data-widget_type=\"alloggio_core_image_gallery.default\">\n\t\t\t\t<div class=\"elementor-widget-container\">\n\t\t\t\t\t<div class=\"qodef-shortcode qodef-m  qodef-image-gallery      qodef-grid qodef-layout--columns  qodef-gutter--normal qodef-col-num--2  qodef-responsive--predefined\">\n    <div class=\"qodef-grid-inner clear\">\n\t\t<div class=\"qodef-e qodef-image-wrapper qodef-grid-item\">\n\t\t\t<img fetchpriority=\"high\" decoding=\"async\" width=\"1600\" height=\"1200\" src=\"https:\/\/dom-podorzechem.pl\/wp-content\/uploads\/2021\/04\/WhatsApp-Image-2020-06-20-at-18.46.04.jpeg\" class=\"attachment-full size-full\" alt=\"\" data-swiper-parallax=\"27%\" srcset=\"https:\/\/dom-podorzechem.pl\/wp-content\/uploads\/2021\/04\/WhatsApp-Image-2020-06-20-at-18.46.04.jpeg 1600w, https:\/\/dom-podorzechem.pl\/wp-content\/uploads\/2021\/04\/WhatsApp-Image-2020-06-20-at-18.46.04-300x225.jpeg 300w, https:\/\/dom-podorzechem.pl\/wp-content\/uploads\/2021\/04\/WhatsApp-Image-2020-06-20-at-18.46.04-1024x768.jpeg 1024w, https:\/\/dom-podorzechem.pl\/wp-content\/uploads\/2021\/04\/WhatsApp-Image-2020-06-20-at-18.46.04-768x576.jpeg 768w, https:\/\/dom-podorzechem.pl\/wp-content\/uploads\/2021\/04\/WhatsApp-Image-2020-06-20-at-18.46.04-1536x1152.jpeg 1536w\" sizes=\"(max-width: 1600px) 100vw, 1600px\" \/>\t<\/div><div class=\"qodef-e qodef-image-wrapper qodef-grid-item\">\n\t\t\t<img decoding=\"async\" width=\"2560\" height=\"1920\" src=\"https:\/\/dom-podorzechem.pl\/wp-content\/uploads\/2021\/03\/IMG_2756-\u2014-kopia-3-scaled-1.jpg\" class=\"attachment-full size-full\" alt=\"\" data-swiper-parallax=\"27%\" srcset=\"https:\/\/dom-podorzechem.pl\/wp-content\/uploads\/2021\/03\/IMG_2756-\u2014-kopia-3-scaled-1.jpg 2560w, https:\/\/dom-podorzechem.pl\/wp-content\/uploads\/2021\/03\/IMG_2756-\u2014-kopia-3-scaled-1-300x225.jpg 300w, https:\/\/dom-podorzechem.pl\/wp-content\/uploads\/2021\/03\/IMG_2756-\u2014-kopia-3-scaled-1-1024x768.jpg 1024w, https:\/\/dom-podorzechem.pl\/wp-content\/uploads\/2021\/03\/IMG_2756-\u2014-kopia-3-scaled-1-768x576.jpg 768w, https:\/\/dom-podorzechem.pl\/wp-content\/uploads\/2021\/03\/IMG_2756-\u2014-kopia-3-scaled-1-1536x1152.jpg 1536w, https:\/\/dom-podorzechem.pl\/wp-content\/uploads\/2021\/03\/IMG_2756-\u2014-kopia-3-scaled-1-2048x1536.jpg 2048w\" sizes=\"(max-width: 2560px) 100vw, 2560px\" \/>\t<\/div><div class=\"qodef-e qodef-image-wrapper qodef-grid-item\">\n\t\t\t<img decoding=\"async\" width=\"1600\" height=\"1200\" src=\"https:\/\/dom-podorzechem.pl\/wp-content\/uploads\/2021\/04\/WhatsApp-Image-2020-06-20-at-18.46.05-rotated.jpeg\" class=\"attachment-full size-full\" alt=\"\" data-swiper-parallax=\"27%\" srcset=\"https:\/\/dom-podorzechem.pl\/wp-content\/uploads\/2021\/04\/WhatsApp-Image-2020-06-20-at-18.46.05-rotated.jpeg 1600w, https:\/\/dom-podorzechem.pl\/wp-content\/uploads\/2021\/04\/WhatsApp-Image-2020-06-20-at-18.46.05-300x225.jpeg 300w, https:\/\/dom-podorzechem.pl\/wp-content\/uploads\/2021\/04\/WhatsApp-Image-2020-06-20-at-18.46.05-1024x768.jpeg 1024w, https:\/\/dom-podorzechem.pl\/wp-content\/uploads\/2021\/04\/WhatsApp-Image-2020-06-20-at-18.46.05-768x576.jpeg 768w, https:\/\/dom-podorzechem.pl\/wp-content\/uploads\/2021\/04\/WhatsApp-Image-2020-06-20-at-18.46.05-1536x1152.jpeg 1536w\" sizes=\"(max-width: 1600px) 100vw, 1600px\" \/>\t<\/div>    <\/div>\n<\/div>\t\t\t\t<\/div>\n\t\t\t\t<\/div>\n\t\t\t\t\t<\/div>\n\t\t<\/div>\n\t\t\t\t\t<\/div>\n\t\t<\/section>\n\t\t\t\t<\/div>\n\t\t","protected":false},"excerpt":{"rendered":"<p>W naszym Domu mo\u017cna znale\u017a\u0107 przestrze\u0144 na spotkanie rodzinne i celebrowa\u0107 urodziny, specjalne okazje czy rocznice. Co zapewniamy to: lu\u017ana atmosfera, urokliwy klimat, du\u017cy ogr\u00f3d z grillem i miejscem do biesiadowania czy du\u017cy salon z kominkiem. Wszystko zale\u017cy od pomys\u0142u i preferencji uczestnik\u00f3w. Mo\u017cemy pomie\u015bci\u0107 do 20 os\u00f3b na spotkanie z noclegiem na 12 os\u00f3b.<\/p>\n","protected":false},"author":1,"featured_media":0,"parent":0,"menu_order":0,"comment_status":"closed","ping_status":"closed","template":"","meta":{"_monsterinsights_skip_tracking":false,"_monsterinsights_sitenote_active":false,"_monsterinsights_sitenote_note":"","_monsterinsights_sitenote_category":0,"footnotes":""},"class_list":["post-4956","page","type-page","status-publish","hentry"],"_links":{"self":[{"href":"https:\/\/dom-podorzechem.pl\/index.php\/wp-json\/wp\/v2\/pages\/4956","targetHints":{"allow":["GET"]}}],"collection":[{"href":"https:\/\/dom-podorzechem.pl\/index.php\/wp-json\/wp\/v2\/pages"}],"about":[{"href":"https:\/\/dom-podorzechem.pl\/index.php\/wp-json\/wp\/v2\/types\/page"}],"author":[{"embeddable":true,"href":"https:\/\/dom-podorzechem.pl\/index.php\/wp-json\/wp\/v2\/users\/1"}],"replies":[{"embeddable":true,"href":"https:\/\/dom-podorzechem.pl\/index.php\/wp-json\/wp\/v2\/comments?post=4956"}],"version-history":[{"count":10,"href":"https:\/\/dom-podorzechem.pl\/index.php\/wp-json\/wp\/v2\/pages\/4956\/revisions"}],"predecessor-version":[{"id":5094,"href":"https:\/\/dom-podorzechem.pl\/index.php\/wp-json\/wp\/v2\/pages\/4956\/revisions\/5094"}],"wp:attachment":[{"href":"https:\/\/dom-podorzechem.pl\/index.php\/wp-json\/wp\/v2\/media?parent=4956"}],"curies":[{"name":"wp","href":"https:\/\/api.w.org\/{rel}","templated":true}]}}