{"id":4531,"date":"2021-03-07T15:08:49","date_gmt":"2021-03-07T14:08:49","guid":{"rendered":"http:\/\/dom.lmk.pl\/?page_id=4531"},"modified":"2022-06-06T23:22:07","modified_gmt":"2022-06-06T21:22:07","slug":"atrakcje","status":"publish","type":"page","link":"https:\/\/dom-podorzechem.pl\/index.php\/atrakcje\/","title":{"rendered":"Atrakcje"},"content":{"rendered":"\t\t<div data-elementor-type=\"wp-page\" data-elementor-id=\"4531\" class=\"elementor elementor-4531\">\n\t\t\t\t\t\t<section class=\"elementor-section elementor-top-section elementor-element elementor-element-f5192fe elementor-section-boxed elementor-section-height-default elementor-section-height-default qodef-elementor-content-no\" data-id=\"f5192fe\" data-element_type=\"section\" data-e-type=\"section\">\n\t\t\t\t\t\t<div class=\"elementor-container elementor-column-gap-default\">\n\t\t\t\t\t<div class=\"elementor-column elementor-col-100 elementor-top-column elementor-element elementor-element-97f7fe5\" data-id=\"97f7fe5\" data-element_type=\"column\" data-e-type=\"column\">\n\t\t\t<div class=\"elementor-widget-wrap elementor-element-populated\">\n\t\t\t\t\t\t<div class=\"elementor-element elementor-element-06a9606 elementor-widget elementor-widget-alloggio_core_centered_slider\" data-id=\"06a9606\" data-element_type=\"widget\" data-e-type=\"widget\" data-widget_type=\"alloggio_core_centered_slider.default\">\n\t\t\t\t<div class=\"elementor-widget-container\">\n\t\t\t\t\t<div class=\"qodef-shortcode qodef-m  qodef-centered-slider qodef-swiper-container  qodef--has-title\" data-options=\"{&quot;slidesPerView&quot;:&quot;auto&quot;,&quot;slidesPerView1440&quot;:&quot;auto&quot;,&quot;slidesPerView1366&quot;:&quot;auto&quot;,&quot;slidesPerView1024&quot;:&quot;auto&quot;,&quot;slidesPerView768&quot;:&quot;1&quot;,&quot;centeredSlides&quot;:&quot;true&quot;}\">\n\t<div class=\"swiper-wrapper\">\n\t\t\t\t\t<div class=\"qodef-m-item swiper-slide\">\n\t\t\t\t\t\t\t\t\t<div class=\"qodef-m-image-holder\"><div class=\"qodef-m-image\">\n\t\t\t\t\t\t<img decoding=\"async\" src=\"https:\/\/dom-podorzechem.pl\/wp-content\/uploads\/2021\/04\/kuterport.jpg\" alt=\"\"\/>\n\t\t\t\t\t<\/div><\/div>\n\t\t\t\t\t\t\t\t\t\t\t\t\t<h4 class=\"qodef-m-title\">Kuter Port<\/h4>\n\t\t\t\t\t\t\t\t\t\t\t\t\t<span class=\"qodef-m-subtitle\">Przepi\u0119kna pla\u017ca<\/span>\n\t\t\t\t\t\t\t<\/div>\n\t\t\t\t\t<div class=\"qodef-m-item swiper-slide\">\n\t\t\t\t\t\t\t\t\t<div class=\"qodef-m-image-holder\"><div class=\"qodef-m-image\">\n\t\t\t\t\t\t<img decoding=\"async\" src=\"https:\/\/dom-podorzechem.pl\/wp-content\/uploads\/2021\/03\/browar.jpg\" alt=\"\"\/>\n\t\t\t\t\t<\/div><\/div>\n\t\t\t\t\t\t\t\t\t\t\t\t\t<h4 class=\"qodef-m-title\">Browar Okocim<\/h4>\n\t\t\t\t\t\t\t\t\t\t\t<\/div>\n\t\t\t\t\t<div class=\"qodef-m-item swiper-slide\">\n\t\t\t\t\t\t\t\t\t<div class=\"qodef-m-image-holder\"><div class=\"qodef-m-image\">\n\t\t\t\t\t\t<img decoding=\"async\" src=\"https:\/\/dom-podorzechem.pl\/wp-content\/uploads\/2021\/03\/szlak-solankowy.jpg\" alt=\"\"\/>\n\t\t\t\t\t<\/div><\/div>\n\t\t\t\t\t\t\t\t\t\t\t\t\t<h4 class=\"qodef-m-title\">Kopalnia soli w Bochni<\/h4>\n\t\t\t\t\t\t\t\t\t\t\t<\/div>\n\t\t\t\t\t<div class=\"qodef-m-item swiper-slide\">\n\t\t\t\t\t\t\t\t\t<div class=\"qodef-m-image-holder\"><div class=\"qodef-m-image\">\n\t\t\t\t\t\t<img decoding=\"async\" src=\"https:\/\/dom-podorzechem.pl\/wp-content\/uploads\/2021\/03\/rowerzysci.jpg\" alt=\"\"\/>\n\t\t\t\t\t<\/div><\/div>\n\t\t\t\t\t\t\t\t\t\t\t\t\t<h4 class=\"qodef-m-title\">Wypady rowerowe<\/h4>\n\t\t\t\t\t\t\t\t\t\t\t<\/div>\n\t\t\t\t\t<div class=\"qodef-m-item swiper-slide\">\n\t\t\t\t\t\t\t\t\t<div class=\"qodef-m-image-holder\"><div class=\"qodef-m-image\">\n\t\t\t\t\t\t<img decoding=\"async\" src=\"https:\/\/dom-podorzechem.pl\/wp-content\/uploads\/2021\/03\/nordic-walking.jpg\" alt=\"\"\/>\n\t\t\t\t\t<\/div><\/div>\n\t\t\t\t\t\t\t\t\t\t\t\t\t<h4 class=\"qodef-m-title\">Nordic Walking<\/h4>\n\t\t\t\t\t\t\t\t\t\t\t<\/div>\n\t\t\t\t\t<div class=\"qodef-m-item swiper-slide\">\n\t\t\t\t\t\t\t\t\t<div class=\"qodef-m-image-holder\"><div class=\"qodef-m-image\">\n\t\t\t\t\t\t<img decoding=\"async\" src=\"https:\/\/dom-podorzechem.pl\/wp-content\/uploads\/2021\/03\/splyw.jpg\" alt=\"\"\/>\n\t\t\t\t\t<\/div><\/div>\n\t\t\t\t\t\t\t\t\t\t\t\t\t<h4 class=\"qodef-m-title\">Wypady kajakowe<\/h4>\n\t\t\t\t\t\t\t\t\t\t\t<\/div>\n\t\t\t\t\t<div class=\"qodef-m-item swiper-slide\">\n\t\t\t\t\t\t\t\t\t<div class=\"qodef-m-image-holder\"><div class=\"qodef-m-image\">\n\t\t\t\t\t\t<img decoding=\"async\" src=\"https:\/\/dom-podorzechem.pl\/wp-content\/uploads\/2021\/03\/wieliczka.jpg\" alt=\"\"\/>\n\t\t\t\t\t<\/div><\/div>\n\t\t\t\t\t\t\t\t\t\t\t\t\t<h4 class=\"qodef-m-title\">Kopalnia soli w Wieliczce<\/h4>\n\t\t\t\t\t\t\t\t\t\t\t<\/div>\n\t\t\t\t\t<div class=\"qodef-m-item swiper-slide\">\n\t\t\t\t\t\t\t\t\t<div class=\"qodef-m-image-holder\"><div class=\"qodef-m-image\">\n\t\t\t\t\t\t<img decoding=\"async\" src=\"https:\/\/dom-podorzechem.pl\/wp-content\/uploads\/2021\/03\/Zamek_w_Nowym_Winiczu.jpg\" alt=\"\"\/>\n\t\t\t\t\t<\/div><\/div>\n\t\t\t\t\t\t\t\t\t\t\t\t\t<h4 class=\"qodef-m-title\">Nowy Wi\u015bnicz - Bastionowy zamek magnacki<\/h4>\n\t\t\t\t\t\t\t\t\t\t\t<\/div>\n\t\t\t\t\t<div class=\"qodef-m-item swiper-slide\">\n\t\t\t\t\t\t\t\t\t<div class=\"qodef-m-image-holder\"><div class=\"qodef-m-image\">\n\t\t\t\t\t\t<img decoding=\"async\" src=\"https:\/\/dom-podorzechem.pl\/wp-content\/uploads\/2021\/03\/vr.jpg\" alt=\"\"\/>\n\t\t\t\t\t<\/div><\/div>\n\t\t\t\t\t\t\t\t\t\t\t\t\t<h4 class=\"qodef-m-title\">Droga \u015bw. Jakuba<\/h4>\n\t\t\t\t\t\t\t\t\t\t\t<\/div>\n\t\t\t\t\t<div class=\"qodef-m-item swiper-slide\">\n\t\t\t\t\t\t\t\t\t<div class=\"qodef-m-image-holder\"><div class=\"qodef-m-image\">\n\t\t\t\t\t\t<img decoding=\"async\" src=\"https:\/\/dom-podorzechem.pl\/wp-content\/uploads\/2021\/03\/bryczka-1.jpg\" alt=\"\"\/>\n\t\t\t\t\t<\/div><\/div>\n\t\t\t\t\t\t\t\t\t\t\t\t\t<h4 class=\"qodef-m-title\">Przejazdy bryczk\u0105<\/h4>\n\t\t\t\t\t\t\t\t\t\t\t<\/div>\n\t\t\t\t\t<div class=\"qodef-m-item swiper-slide\">\n\t\t\t\t\t\t\t\t\t<div class=\"qodef-m-image-holder\"><div class=\"qodef-m-image\">\n\t\t\t\t\t\t<img decoding=\"async\" src=\"https:\/\/dom-podorzechem.pl\/wp-content\/uploads\/2021\/03\/zwierzeta.png\" alt=\"\"\/>\n\t\t\t\t\t<\/div><\/div>\n\t\t\t\t\t\t\t\t\t\t\t\t\t<h4 class=\"qodef-m-title\">Ogl\u0105danie zwierz\u0105t domowych<\/h4>\n\t\t\t\t\t\t\t\t\t\t\t<\/div>\n\t\t\t\t\t<div class=\"qodef-m-item swiper-slide\">\n\t\t\t\t\t\t\t\t\t<div class=\"qodef-m-image-holder\"><div class=\"qodef-m-image\">\n\t\t\t\t\t\t<img decoding=\"async\" src=\"https:\/\/dom-podorzechem.pl\/wp-content\/uploads\/2021\/03\/zn.jpg\" alt=\"\"\/>\n\t\t\t\t\t<\/div><\/div>\n\t\t\t\t\t\t\t\t\t\t\t\t\t<h4 class=\"qodef-m-title\">Zamek w Niepo\u0142omicach<\/h4>\n\t\t\t\t\t\t\t\t\t\t\t<\/div>\n\t\t\t\t\t<div class=\"qodef-m-item swiper-slide\">\n\t\t\t\t\t\t\t\t\t<div class=\"qodef-m-image-holder\"><div class=\"qodef-m-image\">\n\t\t\t\t\t\t<img decoding=\"async\" src=\"https:\/\/dom-podorzechem.pl\/wp-content\/uploads\/2021\/03\/szlak-ad.jpg\" alt=\"\"\/>\n\t\t\t\t\t<\/div><\/div>\n\t\t\t\t\t\t\t\t\t\t\t\t\t<h4 class=\"qodef-m-title\">Szlak architektury drewnianej<\/h4>\n\t\t\t\t\t\t\t\t\t\t\t<\/div>\n\t\t\t\t\t<div class=\"qodef-m-item swiper-slide\">\n\t\t\t\t\t\t\t\t\t<div class=\"qodef-m-image-holder\"><div class=\"qodef-m-image\">\n\t\t\t\t\t\t<img decoding=\"async\" src=\"https:\/\/dom-podorzechem.pl\/wp-content\/uploads\/2021\/03\/splywy.jpg\" alt=\"\"\/>\n\t\t\t\t\t<\/div><\/div>\n\t\t\t\t\t\t\t\t\t\t\t\t\t<h4 class=\"qodef-m-title\">Wypady pontonowe<\/h4>\n\t\t\t\t\t\t\t\t\t\t\t<\/div>\n\t\t\t\t\t<div class=\"qodef-m-item swiper-slide\">\n\t\t\t\t\t\t\t\t\t<div class=\"qodef-m-image-holder\"><div class=\"qodef-m-image\">\n\t\t\t\t\t\t<img decoding=\"async\" src=\"https:\/\/dom-podorzechem.pl\/wp-content\/uploads\/2021\/05\/teznia.jpg\" alt=\"\"\/>\n\t\t\t\t\t<\/div><\/div>\n\t\t\t\t\t\t\t\t\t\t\t\t\t<h4 class=\"qodef-m-title\">T\u0119\u017cnia w Bochni<\/h4>\n\t\t\t\t\t\t\t\t\t\t\t<\/div>\n\t\t\t\t\t<div class=\"qodef-m-item swiper-slide\">\n\t\t\t\t\t\t\t\t\t<div class=\"qodef-m-image-holder\"><div class=\"qodef-m-image\">\n\t\t\t\t\t\t<img decoding=\"async\" src=\"https:\/\/dom-podorzechem.pl\/wp-content\/uploads\/2021\/03\/2.png\" alt=\"\"\/>\n\t\t\t\t\t<\/div><\/div>\n\t\t\t\t\t\t\t\t\t\t\t\t\t<h4 class=\"qodef-m-title\">\u0141owiska<\/h4>\n\t\t\t\t\t\t\t\t\t\t\t<\/div>\n\t\t\t\t\t<div class=\"qodef-m-item swiper-slide\">\n\t\t\t\t\t\t\t\t\t<div class=\"qodef-m-image-holder\"><div class=\"qodef-m-image\">\n\t\t\t\t\t\t<img decoding=\"async\" src=\"https:\/\/dom-podorzechem.pl\/wp-content\/uploads\/2021\/04\/Zalipie.png\" alt=\"\"\/>\n\t\t\t\t\t<\/div><\/div>\n\t\t\t\t\t\t\t\t\t\t\t\t\t<h4 class=\"qodef-m-title\">Zalipie<\/h4>\n\t\t\t\t\t\t\t\t\t\t\t\t\t<span class=\"qodef-m-subtitle\">Malowana Wie\u015b<\/span>\n\t\t\t\t\t\t\t<\/div>\n\t\t\t\t\t<div class=\"qodef-m-item swiper-slide\">\n\t\t\t\t\t\t\t\t\t<div class=\"qodef-m-image-holder\"><div class=\"qodef-m-image\">\n\t\t\t\t\t\t<img decoding=\"async\" src=\"https:\/\/dom-podorzechem.pl\/wp-content\/uploads\/2021\/04\/MCS.png\" alt=\"\"\/>\n\t\t\t\t\t<\/div><\/div>\n\t\t\t\t\t\t\t\t\t\t\t\t\t<h4 class=\"qodef-m-title\">Ma\u0142opolskie Centrum Strzelnicowa<\/h4>\n\t\t\t\t\t\t\t\t\t\t\t<\/div>\n\t\t\t\t\t<div class=\"qodef-m-item swiper-slide\">\n\t\t\t\t\t\t\t\t\t<div class=\"qodef-m-image-holder\"><div class=\"qodef-m-image\">\n\t\t\t\t\t\t<img decoding=\"async\" src=\"https:\/\/dom-podorzechem.pl\/wp-content\/uploads\/2021\/05\/alpaki.jpg\" alt=\"\"\/>\n\t\t\t\t\t<\/div><\/div>\n\t\t\t\t\t\t\t\t\t\t\t\t\t<h4 class=\"qodef-m-title\">Spacer z Alpakami <\/h4>\n\t\t\t\t\t\t\t\t\t\t\t<\/div>\n\t\t\t\t\t<div class=\"qodef-m-item swiper-slide\">\n\t\t\t\t\t\t\t\t\t<div class=\"qodef-m-image-holder\"><div class=\"qodef-m-image\">\n\t\t\t\t\t\t<img decoding=\"async\" src=\"https:\/\/dom-podorzechem.pl\/wp-content\/uploads\/2021\/05\/beskid.jpg\" alt=\"\"\/>\n\t\t\t\t\t<\/div><\/div>\n\t\t\t\t\t\t\t\t\t\t\t\t\t<h4 class=\"qodef-m-title\">Beskid Wyspowy - w\u0119dr\u00f3wki po szlakach<\/h4>\n\t\t\t\t\t\t\t\t\t\t\t<\/div>\n\t\t\t<\/div>\n\t\t\t<div class=\"swiper-navigation\">\n\t\t\t<div class=\"swiper-button-next \"><svg xmlns=\"http:\/\/www.w3.org\/2000\/svg\" xmlns:xlink=\"http:\/\/www.w3.org\/1999\/xlink\" x=\"0px\" y=\"0px\" viewBox=\"0 0 26 50.9\" xml:space=\"preserve\"><polyline points=\"0.4,50.6 25.3,25.5 0.4,0.4 \"\/><\/svg><\/div>\n<div class=\"swiper-button-prev \"><svg xmlns=\"http:\/\/www.w3.org\/2000\/svg\" xmlns:xlink=\"http:\/\/www.w3.org\/1999\/xlink\" x=\"0px\" y=\"0px\" viewBox=\"0 0 26 50.9\" xml:space=\"preserve\"><polyline points=\"25.6,0.4 0.7,25.5 25.6,50.6 \"\/><\/svg><\/div>\t\t<\/div>\n\t\t<\/div>\t\t\t\t<\/div>\n\t\t\t\t<\/div>\n\t\t\t\t\t<\/div>\n\t\t<\/div>\n\t\t\t\t\t<\/div>\n\t\t<\/section>\n\t\t\t\t<section class=\"elementor-section elementor-top-section elementor-element elementor-element-e310739 elementor-section-boxed elementor-section-height-default elementor-section-height-default qodef-elementor-content-no\" data-id=\"e310739\" data-element_type=\"section\" data-e-type=\"section\">\n\t\t\t\t\t\t<div class=\"elementor-container elementor-column-gap-default\">\n\t\t\t\t\t<div class=\"elementor-column elementor-col-100 elementor-top-column elementor-element elementor-element-8e4a788\" data-id=\"8e4a788\" data-element_type=\"column\" data-e-type=\"column\">\n\t\t\t<div class=\"elementor-widget-wrap elementor-element-populated\">\n\t\t\t\t\t\t<div class=\"elementor-element elementor-element-8fedb62 elementor-widget-divider--view-line elementor-widget elementor-widget-divider\" data-id=\"8fedb62\" data-element_type=\"widget\" data-e-type=\"widget\" data-widget_type=\"divider.default\">\n\t\t\t\t<div class=\"elementor-widget-container\">\n\t\t\t\t\t\t\t<div class=\"elementor-divider\">\n\t\t\t<span class=\"elementor-divider-separator\">\n\t\t\t\t\t\t<\/span>\n\t\t<\/div>\n\t\t\t\t\t\t<\/div>\n\t\t\t\t<\/div>\n\t\t\t\t\t<\/div>\n\t\t<\/div>\n\t\t\t\t\t<\/div>\n\t\t<\/section>\n\t\t\t\t<section class=\"elementor-section elementor-top-section elementor-element elementor-element-6a9ae86 elementor-section-boxed elementor-section-height-default elementor-section-height-default qodef-elementor-content-no\" data-id=\"6a9ae86\" data-element_type=\"section\" data-e-type=\"section\">\n\t\t\t\t\t\t<div class=\"elementor-container elementor-column-gap-default\">\n\t\t\t\t\t<div class=\"elementor-column elementor-col-100 elementor-top-column elementor-element elementor-element-95f19f8\" data-id=\"95f19f8\" data-element_type=\"column\" data-e-type=\"column\">\n\t\t\t<div class=\"elementor-widget-wrap elementor-element-populated\">\n\t\t\t\t\t\t<div class=\"elementor-element elementor-element-57a1d4b elementor-widget elementor-widget-alloggio_core_section_title\" data-id=\"57a1d4b\" data-element_type=\"widget\" data-e-type=\"widget\" data-widget_type=\"alloggio_core_section_title.default\">\n\t\t\t\t<div class=\"elementor-widget-container\">\n\t\t\t\t\t<div class=\"qodef-shortcode qodef-m  qodef-section-title qodef-alignment--left\">\n\t\t<h2 class=\"qodef-m-title\" >\n\t\t\t\t\tNajbardziej rowerowy region w kraju\t\t\t<\/h2>\n\t\t<span class=\"qodef-m-text\" >\nMa\u0142opolska oferuje ok. 800 kilometr\u00f3w tras rowerowych dostosowanych do ka\u017cdego rowerzysty, niezale\u017cnie od kondycji. A\u017c 600 km powsta\u0142o w ostatnich latach, 60% z nich to drogi odseparowane od ruchu samochodowego, pozosta\u0142e 40% to drogi o niskim nat\u0119\u017ceniu ruchu samochodowego lub wygodne \u201cszutr\u00f3wki\u201d. Do tego dochodzi ok. 3 tys. km szlak\u00f3w rowerowych, w tym popularny Szlak wok\u00f3\u0142 Tatr. Unikatowy na skal\u0119 Polsk\u0105, realizowany przez Wojew\u00f3dztwo Ma\u0142opolskie, projekt budowy sieci regionalnych tras rowerowych o europejskim standardzie VeloMa\u0142opolska umo\u017cliwi\u0142 d\u0142ugodystansowe wyprawy, po\u0142\u0105czy\u0142 miasta i u\u0142atwi\u0142 bezpieczny dojazd na rowerze do szlak\u00f3w rowerowych. W ramach projektu wybudowano ju\u017c 550 km (docelowo 1000 km), a kolejne 250 jest w trakcie realizacji. Szczeg\u00f3lnie uznaniem w\u015br\u00f3d rowerzyst\u00f3w cieszy si\u0119 malownicza Wi\u015blana Trasa Rowerowa.\n<\/span>\n<\/div>\t\t\t\t<\/div>\n\t\t\t\t<\/div>\n\t\t\t\t<div class=\"elementor-element elementor-element-0dbd63e elementor-widget-divider--view-line elementor-widget elementor-widget-divider\" data-id=\"0dbd63e\" data-element_type=\"widget\" data-e-type=\"widget\" data-widget_type=\"divider.default\">\n\t\t\t\t<div class=\"elementor-widget-container\">\n\t\t\t\t\t\t\t<div class=\"elementor-divider\">\n\t\t\t<span class=\"elementor-divider-separator\">\n\t\t\t\t\t\t<\/span>\n\t\t<\/div>\n\t\t\t\t\t\t<\/div>\n\t\t\t\t<\/div>\n\t\t\t\t<div class=\"elementor-element elementor-element-483577a elementor-widget elementor-widget-alloggio_core_section_title\" data-id=\"483577a\" data-element_type=\"widget\" data-e-type=\"widget\" data-widget_type=\"alloggio_core_section_title.default\">\n\t\t\t\t<div class=\"elementor-widget-container\">\n\t\t\t\t\t<div class=\"qodef-shortcode qodef-m  qodef-section-title qodef-alignment--left\">\n\t\t\t<span class=\"qodef-m-text\" >Okolica to dobra baza wypadowa dla os\u00f3b szukaj\u0105cych aktywnego wypoczynku jak i atrakcji turystycznych.\n\nCo\u015b dla mi\u0142o\u015bnik\u00f3w lasu, rower\u00f3w, nordic walking, grzybobrania, sportu, historii czy przyrody.\n\nNieopodal Domu znajduje si\u0119 Puszcza Niepo\u0142omicka, Kopalnia Soli w Wieliczce Zamek w Wi\u015bniczu, Zamek w Niepo\u0142omicach, szlak via Regina, szlak architektury drewnianej, Muzeum Motyli i wiele innych.\n\n10 min od naszego domu mo\u017cna \u0142owi\u0107 karpie, prstr\u0105gi i jesiotry na pi\u0119knych \u0142owiskach. Aktywny wypoczynek dla rodziny lub bardziej relaksuj\u0105cy na s\u0105siednim k\u0105pielisku\u2026 Jedni \u0142owi\u0105 ryby a drudzy p\u0142ywaj\u0105\u2026.<\/span>\n<\/div>\t\t\t\t<\/div>\n\t\t\t\t<\/div>\n\t\t\t\t<div class=\"elementor-element elementor-element-235050c elementor-widget-divider--view-line elementor-widget elementor-widget-divider\" data-id=\"235050c\" data-element_type=\"widget\" data-e-type=\"widget\" data-widget_type=\"divider.default\">\n\t\t\t\t<div class=\"elementor-widget-container\">\n\t\t\t\t\t\t\t<div class=\"elementor-divider\">\n\t\t\t<span class=\"elementor-divider-separator\">\n\t\t\t\t\t\t<\/span>\n\t\t<\/div>\n\t\t\t\t\t\t<\/div>\n\t\t\t\t<\/div>\n\t\t\t\t\t<\/div>\n\t\t<\/div>\n\t\t\t\t\t<\/div>\n\t\t<\/section>\n\t\t\t\t<\/div>\n\t\t","protected":false},"excerpt":{"rendered":"<p>Kuter Port Przepi\u0119kna pla\u017ca Browar Okocim Kopalnia soli w Bochni Wypady rowerowe Nordic Walking Wypady kajakowe Kopalnia soli w Wieliczce Nowy Wi\u015bnicz &#8211; Bastionowy zamek magnacki Droga \u015bw. Jakuba Przejazdy bryczk\u0105 Ogl\u0105danie zwierz\u0105t domowych Zamek w Niepo\u0142omicach Szlak architektury drewnianej Wypady pontonowe T\u0119\u017cnia w Bochni \u0141owiska Zalipie Malowana Wie\u015b Ma\u0142opolskie Centrum Strzelnicowa Spacer z Alpakami [&hellip;]<\/p>\n","protected":false},"author":2,"featured_media":0,"parent":0,"menu_order":0,"comment_status":"closed","ping_status":"closed","template":"","meta":{"_monsterinsights_skip_tracking":false,"_monsterinsights_sitenote_active":false,"_monsterinsights_sitenote_note":"","_monsterinsights_sitenote_category":0,"footnotes":""},"class_list":["post-4531","page","type-page","status-publish","hentry"],"_links":{"self":[{"href":"https:\/\/dom-podorzechem.pl\/index.php\/wp-json\/wp\/v2\/pages\/4531","targetHints":{"allow":["GET"]}}],"collection":[{"href":"https:\/\/dom-podorzechem.pl\/index.php\/wp-json\/wp\/v2\/pages"}],"about":[{"href":"https:\/\/dom-podorzechem.pl\/index.php\/wp-json\/wp\/v2\/types\/page"}],"author":[{"embeddable":true,"href":"https:\/\/dom-podorzechem.pl\/index.php\/wp-json\/wp\/v2\/users\/2"}],"replies":[{"embeddable":true,"href":"https:\/\/dom-podorzechem.pl\/index.php\/wp-json\/wp\/v2\/comments?post=4531"}],"version-history":[{"count":63,"href":"https:\/\/dom-podorzechem.pl\/index.php\/wp-json\/wp\/v2\/pages\/4531\/revisions"}],"predecessor-version":[{"id":5499,"href":"https:\/\/dom-podorzechem.pl\/index.php\/wp-json\/wp\/v2\/pages\/4531\/revisions\/5499"}],"wp:attachment":[{"href":"https:\/\/dom-podorzechem.pl\/index.php\/wp-json\/wp\/v2\/media?parent=4531"}],"curies":[{"name":"wp","href":"https:\/\/api.w.org\/{rel}","templated":true}]}}